{"id":1088,"date":"2022-06-12T11:10:42","date_gmt":"2022-06-12T11:10:42","guid":{"rendered":"https:\/\/leike.eus\/aviso-legal\/"},"modified":"2022-10-10T10:15:59","modified_gmt":"2022-10-10T10:15:59","slug":"aviso-legal","status":"publish","type":"page","link":"https:\/\/leike.eus\/es\/aviso-legal\/","title":{"rendered":"Aviso legal"},"content":{"rendered":"<p>[et_pb_section fb_built=\u00bb1&#8243; _builder_version=\u00bb4.17.4&#8243; _module_preset=\u00bbdefault\u00bb locked=\u00bboff\u00bb global_colors_info=\u00bb{}\u00bb][et_pb_row column_structure=\u00bb1_3,2_3&#8243; _builder_version=\u00bb4.17.4&#8243; _module_preset=\u00bbdefault\u00bb custom_padding=\u00bb|20px||20px|false|false\u00bb border_width_all=\u00bb1px\u00bb global_colors_info=\u00bb{}\u00bb][et_pb_column type=\u00bb1_3&#8243; _builder_version=\u00bb4.17.4&#8243; _module_preset=\u00bbdefault\u00bb custom_padding=\u00bb|20px|||false|false\u00bb global_colors_info=\u00bb{}\u00bb][et_pb_text _builder_version=\u00bb4.17.4&#8243; _module_preset=\u00bbdefault\u00bb text_font=\u00bb|800||on|||||\u00bb text_text_color=\u00bb#3C3C3B\u00bb text_font_size=\u00bb21px\u00bb custom_padding=\u00bb15px||||false|false\u00bb global_colors_info=\u00bb{}\u00bb]<\/p>\n<p>Aviso legal y condiciones de uso<\/p>\n<p>[\/et_pb_text][et_pb_divider _builder_version=\u00bb4.17.4&#8243; _module_preset=\u00bbdefault\u00bb custom_margin=\u00bb||9px|||\u00bb custom_padding=\u00bb||0px|||\u00bb global_colors_info=\u00bb{}\u00bb][\/et_pb_divider][et_pb_text _builder_version=\u00bb4.17.4&#8243; _module_preset=\u00bbdefault\u00bb text_font=\u00bb|300|||||||\u00bb custom_padding=\u00bb||4px|||\u00bb global_colors_info=\u00bb{}\u00bb]<\/p>\n<p>2022.10.11<\/p>\n<p>[\/et_pb_text][et_pb_divider _builder_version=\u00bb4.17.4&#8243; _module_preset=\u00bbdefault\u00bb custom_margin=\u00bb||9px|||\u00bb custom_padding=\u00bb||0px|||\u00bb global_colors_info=\u00bb{}\u00bb][\/et_pb_divider][et_pb_text _builder_version=\u00bb4.17.4&#8243; _module_preset=\u00bbdefault\u00bb text_font=\u00bb|300|||||||\u00bb global_colors_info=\u00bb{}\u00bb]<\/p>\n<p><strong><em>LEIKE<\/em><\/strong><br \/>Antso Estegiz, 3, bajo.<br \/>48200 Durango (Bizkaia).<\/p>\n<p>[\/et_pb_text][et_pb_divider _builder_version=\u00bb4.17.4&#8243; _module_preset=\u00bbdefault\u00bb custom_margin=\u00bb||9px|||\u00bb custom_padding=\u00bb||0px|||\u00bb global_colors_info=\u00bb{}\u00bb][\/et_pb_divider][et_pb_text _builder_version=\u00bb4.18.0&#8243; _module_preset=\u00bbdefault\u00bb text_font=\u00bb|300|||||||\u00bb link_text_color=\u00bb#3C3C3B\u00bb global_colors_info=\u00bb{}\u00bb]<strong><a href=\"mailto:i&#110;&#102;o&#064;&#108;&#101;ik&#101;&#046;&#101;&#117;&#115;\">&#105;nf&#111;&#064;&#108;e&#105;k&#101;.eus<\/a><\/strong>[\/et_pb_text][\/et_pb_column][et_pb_column type=\u00bb2_3&#8243; _builder_version=\u00bb4.17.4&#8243; _module_preset=\u00bbdefault\u00bb global_colors_info=\u00bb{}\u00bb][et_pb_text _builder_version=\u00bb4.18.0&#8243; _module_preset=\u00bbdefault\u00bb text_font=\u00bb|300|||||||\u00bb link_text_color=\u00bb#3C3C3B\u00bb hover_enabled=\u00bb0&#8243; global_colors_info=\u00bb{}\u00bb sticky_enabled=\u00bb0&#8243; inline_fonts=\u00bbUbuntu Mono\u00bb]<\/p>\n<p>En cumplimiento de la Ley 34\/2002, de 11 de julio, de Servicios de la Sociedad de la Informaci\u00f3n y de Comercio Electr\u00f3nico, le informamos que el dominio de internet leike.eus es titularidad de HODEI GARMENDIA IZAEZELAIA Y OTROS C.B., con domicilio en, Antso Estegiz 3, behea, 48200 Durango (Bizkaia), correo electr\u00f3nico: <a href=\"mailto:&#105;nfo&#064;&#108;e&#105;&#107;&#101;&#046;&#101;&#117;&#115;\">inf&#111;&#064;l&#101;i&#107;e&#046;e&#117;&#115;<\/a><\/p>\n<p>HODEI GARMENDIA IZAEZELAIA Y OTROS C.B. (en adelante \u201cLeike\u201d o \u201cel Responsable del Tratamiento\u201d) es una sociedad cuyo objeto principal es ofrecer servicios interiorismo. El sitio web ubicado en leike.eus (en adelante \u201cel sitio web\u201d) es propiedad de Leike. La persona que visita y utiliza este sitio web es usuario del sitio web (en adelante \u201cel usuario\u201d).<\/p>\n<p><span style=\"color: #3c3c3b;\"><strong><span style=\"font-family: 'Ubuntu Mono'; font-size: large;\">1. Condiciones Generales<\/span><\/strong><\/span><\/p>\n<p>El usuario accede a este sitio web de forma voluntaria. El acceso a este sitio web tiene car\u00e1cter gratuito. La navegaci\u00f3n en este sitio web implica aceptar y conocer las advertencias legales, condiciones y t\u00e9rminos de uso y pol\u00edtica de privacidad y pol\u00edtica de cookies contenidos en \u00e9l. Si el usuario no est\u00e1 de acuerdo con estas condiciones y no presta su consentimiento, no podr\u00e1 hacer uso de este sitio web.<\/p>\n<p>El acceso a este sitio web, as\u00ed como el uso que pueda hacerse de la informaci\u00f3n que contiene, son de la exclusiva responsabilidad del usuario. El usuario se compromete a hacer uso del mismo de acuerdo a la finalidad del sitio web. El usuario no puede hacer un uso il\u00edcito de la informaci\u00f3n contenida en este sitio web, ni llevar a cabo acciones que puedan da\u00f1ar o alterar los sistemas inform\u00e1ticos de este sitio web.<\/p>\n<p>Queda prohibida la inclusi\u00f3n y comunicaci\u00f3n de contenidos, por parte de los usuarios, que sean falsos o inexactos y que induzcan o puedan inducir a error a Leike o a otros usuarios o terceros. El usuario ser\u00e1 el \u00fanico responsable de los perjuicios que cause mediante la comunicaci\u00f3n de dichos datos. Queda prohibido el uso de datos personales de terceros sin su consentimiento, as\u00ed como el uso de datos identificativos de terceros con el \u00e1nimo de hacerse pasar por o fingir ser cualquier otra persona o entidad.<\/p>\n<p>Leike realiza los m\u00e1ximos esfuerzos para evitar errores en los contenidos que se publican en el sitio web, reserv\u00e1ndose la facultad de poder modificarlos en cualquier momento. Leike declina expresamente cualquier responsabilidad por error u omisi\u00f3n en los contenidos de este sitio web y de los da\u00f1os y perjuicios que puedan deberse a la falta de veracidad, exactitud y actualidad de los mismos.<\/p>\n<p>El sitio web puede ofrecer enlaces a otros sitios web o facilitar su acceso mediante un buscador ubicado en su sitio web. Leike no asume ninguna responsabilidad en relaci\u00f3n con estos sitios enlazados, ni los resultados de las b\u00fasquedas, ya que no tiene ning\u00fan tipo de control sobre ellos, su contenido, productos y servicios ofrecidos, etc. La finalidad de estos servicios es informar al usuario de otras fuentes de informaci\u00f3n, por lo que el usuario accede bajo su exclusiva responsabilidad al contenido y en las condiciones de uso que rijan en los mismos.<\/p>\n<p>En el caso de enlaces a redes sociales, titularidad del Responsable del Tratamiento o de terceros, las mismas se regir\u00e1n por las condiciones generales de dichas redes. Leike no se responsabilizar\u00e1 de ninguna consecuencia, da\u00f1o o perjuicio que pudieran derivarse del uso de este sitio web o de sus contenidos, incluidos da\u00f1os inform\u00e1ticos y la introducci\u00f3n de virus o cualquier tipo de software malicioso. El Responsable del Tratamiento no garantiza la ausencia de virus ni de otros elementos da\u00f1inos en el sitio web, introducidos por terceros ajenos, que puedan producir alteraciones en los sistemas f\u00edsicos o l\u00f3gicos de los usuarios, pero utiliza los medios a su alcance para que esto no suceda.<\/p>\n<p>Leike se reserva el derecho de modificar o borrar en cualquier momento, sin previo aviso y\/o justificaci\u00f3n, el dise\u00f1o, la configuraci\u00f3n y la informaci\u00f3n contenida en este sitio web, si as\u00ed lo estima oportuno. El Responsable del Tratamiento no se hace responsable de los perjuicios que estas modificaciones puedan causar. No obstante utilizar\u00e1 los recursos que tenga a su alcance para informar a los usuarios de dichas modificaciones.<\/p>\n<p><strong><span style=\"font-family: 'Ubuntu Mono'; font-size: large; color: #3c3c3b;\">2. Propiedad intelectual e industrial<\/span><\/strong><\/p>\n<p>Los derechos de propiedad de este sitio web, de sus p\u00e1ginas, secciones, pantallas, la informaci\u00f3n que contienen, su apariencia y dise\u00f1o, textos, fotograf\u00edas, im\u00e1genes, sus productos y servicios, marcas, logos, lemas, etc. son propiedad de Leike, salvo que se especifique otra cosa.<\/p>\n<p>En ning\u00fan caso el acceso o navegaci\u00f3n en el sitio web implica renuncia, transmisi\u00f3n o licencia total o parcial de Leike para uso personal al usuario sobre sus derechos de propiedad intelectual e industrial. La reproducci\u00f3n, distribuci\u00f3n, comercializaci\u00f3n o transformaci\u00f3n no autorizadas de estas obras constituye una infracci\u00f3n de los derechos de propiedad intelectual de Leike.<\/p>\n<p>El usuario se compromete a no realizar ninguna acci\u00f3n que perjudique la titularidad de este sitio web. La utilizaci\u00f3n no autorizada de la informaci\u00f3n contenida en este sitio web, as\u00ed como los perjuicios ocasionados en los derechos de propiedad intelectual e industrial de sus titulares, pueden dar lugar al ejercicio de las acciones que legalmente correspondan y, si procede, a las responsabilidades que de dicho ejercicio se deriven.<\/p>\n<p><strong><span style=\"font-family: 'Ubuntu Mono'; font-size: large; color: #3c3c3b;\">3. Modificaciones<\/span><\/strong><\/p>\n<p>Estas Condiciones podr\u00e1n sufrir modificaciones cuando Leike lo considere oportuno, bien con la finalidad de adecuarse a los cambios legislativos, bien con el fin de llevar a cabo otro tipo de mejoras. Estas modificaciones ser\u00e1n v\u00e1lidas desde su publicaci\u00f3n en este sitio web. Leike utilizar\u00e1 los medios a su alcance para dar a conocer a los usuarios del sitio web los cambios realizados.<\/p>\n<p><strong><span style=\"color: #3c3c3b; font-family: 'Ubuntu Mono'; font-size: large;\">4. Jurisdicci\u00f3n<\/span><\/strong><\/p>\n<p>Las relaciones establecidas entre Leike y el usuario se regir\u00e1n por lo dispuesto en la normativa vigente acerca de la legislaci\u00f3n aplicable y la jurisdicci\u00f3n competente. No obstante, para los casos en los que la normativa prevea la posibilidad a las partes de someterse a un fuero, Leike y el usuario, con renuncia expresa a cualquier otro fuero que pudiera corresponderles, se someten a los Juzgados y Tribunales de Bilbo (Bizkaia).<\/p>\n<p>Leike perseguir\u00e1 el incumplimiento de las anteriores condiciones, as\u00ed como cualquier utilizaci\u00f3n indebida de los contenidos presentados en su sitio web ejerciendo todas las acciones civiles y penales que le puedan corresponder en Derecho.<\/p>\n<p>[\/et_pb_text][\/et_pb_column][\/et_pb_row][\/et_pb_section]<\/p>\n","protected":false},"excerpt":{"rendered":"<p>Aviso legal y condiciones de uso2022.10.11LEIKEAntso Estegiz, 3, bajo.48200 Durango (Bizkaia).<a href=\"mailto:info&#064;l&#101;ik&#101;&#046;&#101;&#117;&#115;\">&#105;n&#102;&#111;&#064;&#108;e&#105;ke.eu&#115;<\/a>En cumplimiento de la Ley 34\/2002, de 11 de julio, de Servicios de la Sociedad de la Informaci\u00f3n y de Comercio Electr\u00f3nico, le informamos que el dominio de internet leike.eus es titularidad de HODEI GARMENDIA IZAEZELAIA Y OTROS C.B., con domicilio en, Antso Estegiz 3, [&hellip;]<\/p>\n","protected":false},"author":1,"featured_media":0,"parent":0,"menu_order":0,"comment_status":"closed","ping_status":"closed","template":"","meta":{"_et_pb_use_builder":"on","_et_pb_old_content":"","_et_gb_content_width":"","footnotes":""},"class_list":["post-1088","page","type-page","status-publish","hentry"],"yoast_head":"<!-- This site is optimized with the Yoast SEO plugin v19.14 - https:\/\/yoast.com\/wordpress\/plugins\/seo\/ -->\n<title>Aviso legal - Leike<\/title>\n<meta name=\"robots\" content=\"noindex, nofollow\" \/>\n<meta property=\"og:locale\" content=\"es_ES\" \/>\n<meta property=\"og:type\" content=\"article\" \/>\n<meta property=\"og:title\" content=\"Aviso legal - Leike\" \/>\n<meta property=\"og:description\" content=\"Aviso legal y condiciones de uso2022.10.11LEIKEAntso Estegiz, 3, bajo.48200 Durango (Bizkaia).En cumplimiento de la Ley 34\/2002, de 11 de julio, de Servicios de la Sociedad de la Informaci\u00f3n y de Comercio Electr\u00f3nico, le informamos que el dominio de internet leike.eus es titularidad de HODEI GARMENDIA IZAEZELAIA Y OTROS C.B., con domicilio en, Antso Estegiz 3, [&hellip;]\" \/>\n<meta property=\"og:url\" content=\"https:\/\/leike.eus\/es\/aviso-legal\/\" \/>\n<meta property=\"og:site_name\" content=\"Leike\" \/>\n<meta property=\"article:modified_time\" content=\"2022-10-10T10:15:59+00:00\" \/>\n<meta name=\"twitter:card\" content=\"summary_large_image\" \/>\n<meta name=\"twitter:label1\" content=\"Tiempo de lectura\" \/>\n\t<meta name=\"twitter:data1\" content=\"7 minutos\" \/>\n<script type=\"application\/ld+json\" class=\"yoast-schema-graph\">{\"@context\":\"https:\/\/schema.org\",\"@graph\":[{\"@type\":\"WebPage\",\"@id\":\"https:\/\/leike.eus\/es\/aviso-legal\/\",\"url\":\"https:\/\/leike.eus\/es\/aviso-legal\/\",\"name\":\"Aviso legal - Leike\",\"isPartOf\":{\"@id\":\"https:\/\/leike.eus\/es\/#website\"},\"datePublished\":\"2022-06-12T11:10:42+00:00\",\"dateModified\":\"2022-10-10T10:15:59+00:00\",\"breadcrumb\":{\"@id\":\"https:\/\/leike.eus\/es\/aviso-legal\/#breadcrumb\"},\"inLanguage\":\"es\",\"potentialAction\":[{\"@type\":\"ReadAction\",\"target\":[\"https:\/\/leike.eus\/es\/aviso-legal\/\"]}]},{\"@type\":\"BreadcrumbList\",\"@id\":\"https:\/\/leike.eus\/es\/aviso-legal\/#breadcrumb\",\"itemListElement\":[{\"@type\":\"ListItem\",\"position\":1,\"name\":\"Home\",\"item\":\"https:\/\/leike.eus\/es\/\"},{\"@type\":\"ListItem\",\"position\":2,\"name\":\"Aviso legal\"}]},{\"@type\":\"WebSite\",\"@id\":\"https:\/\/leike.eus\/es\/#website\",\"url\":\"https:\/\/leike.eus\/es\/\",\"name\":\"Leike\",\"description\":\"Durango | Reformas, dise\u00f1o de interiores y carpinter\u00eda\",\"publisher\":{\"@id\":\"https:\/\/leike.eus\/es\/#organization\"},\"potentialAction\":[{\"@type\":\"SearchAction\",\"target\":{\"@type\":\"EntryPoint\",\"urlTemplate\":\"https:\/\/leike.eus\/es\/?s={search_term_string}\"},\"query-input\":\"required name=search_term_string\"}],\"inLanguage\":\"es\"},{\"@type\":\"Organization\",\"@id\":\"https:\/\/leike.eus\/es\/#organization\",\"name\":\"Leike\",\"url\":\"https:\/\/leike.eus\/es\/\",\"logo\":{\"@type\":\"ImageObject\",\"inLanguage\":\"es\",\"@id\":\"https:\/\/leike.eus\/es\/#\/schema\/logo\/image\/\",\"url\":\"https:\/\/leike.eus\/bitartekoak\/osagarriak\/mediak\/2022\/10\/Leike.png\",\"contentUrl\":\"https:\/\/leike.eus\/bitartekoak\/osagarriak\/mediak\/2022\/10\/Leike.png\",\"width\":350,\"height\":142,\"caption\":\"Leike\"},\"image\":{\"@id\":\"https:\/\/leike.eus\/es\/#\/schema\/logo\/image\/\"}}]}<\/script>\n<!-- \/ Yoast SEO plugin. -->","yoast_head_json":{"title":"Aviso legal - Leike","robots":{"index":"noindex","follow":"nofollow"},"og_locale":"es_ES","og_type":"article","og_title":"Aviso legal - Leike","og_description":"Aviso legal y condiciones de uso2022.10.11LEIKEAntso Estegiz, 3, bajo.48200 Durango (Bizkaia).En cumplimiento de la Ley 34\/2002, de 11 de julio, de Servicios de la Sociedad de la Informaci\u00f3n y de Comercio Electr\u00f3nico, le informamos que el dominio de internet leike.eus es titularidad de HODEI GARMENDIA IZAEZELAIA Y OTROS C.B., con domicilio en, Antso Estegiz 3, [&hellip;]","og_url":"https:\/\/leike.eus\/es\/aviso-legal\/","og_site_name":"Leike","article_modified_time":"2022-10-10T10:15:59+00:00","twitter_card":"summary_large_image","twitter_misc":{"Tiempo de lectura":"7 minutos"},"schema":{"@context":"https:\/\/schema.org","@graph":[{"@type":"WebPage","@id":"https:\/\/leike.eus\/es\/aviso-legal\/","url":"https:\/\/leike.eus\/es\/aviso-legal\/","name":"Aviso legal - Leike","isPartOf":{"@id":"https:\/\/leike.eus\/es\/#website"},"datePublished":"2022-06-12T11:10:42+00:00","dateModified":"2022-10-10T10:15:59+00:00","breadcrumb":{"@id":"https:\/\/leike.eus\/es\/aviso-legal\/#breadcrumb"},"inLanguage":"es","potentialAction":[{"@type":"ReadAction","target":["https:\/\/leike.eus\/es\/aviso-legal\/"]}]},{"@type":"BreadcrumbList","@id":"https:\/\/leike.eus\/es\/aviso-legal\/#breadcrumb","itemListElement":[{"@type":"ListItem","position":1,"name":"Home","item":"https:\/\/leike.eus\/es\/"},{"@type":"ListItem","position":2,"name":"Aviso legal"}]},{"@type":"WebSite","@id":"https:\/\/leike.eus\/es\/#website","url":"https:\/\/leike.eus\/es\/","name":"Leike","description":"Durango | Reformas, dise\u00f1o de interiores y carpinter\u00eda","publisher":{"@id":"https:\/\/leike.eus\/es\/#organization"},"potentialAction":[{"@type":"SearchAction","target":{"@type":"EntryPoint","urlTemplate":"https:\/\/leike.eus\/es\/?s={search_term_string}"},"query-input":"required name=search_term_string"}],"inLanguage":"es"},{"@type":"Organization","@id":"https:\/\/leike.eus\/es\/#organization","name":"Leike","url":"https:\/\/leike.eus\/es\/","logo":{"@type":"ImageObject","inLanguage":"es","@id":"https:\/\/leike.eus\/es\/#\/schema\/logo\/image\/","url":"https:\/\/leike.eus\/bitartekoak\/osagarriak\/mediak\/2022\/10\/Leike.png","contentUrl":"https:\/\/leike.eus\/bitartekoak\/osagarriak\/mediak\/2022\/10\/Leike.png","width":350,"height":142,"caption":"Leike"},"image":{"@id":"https:\/\/leike.eus\/es\/#\/schema\/logo\/image\/"}}]}},"_links":{"self":[{"href":"https:\/\/leike.eus\/es\/wp-json\/wp\/v2\/pages\/1088","targetHints":{"allow":["GET"]}}],"collection":[{"href":"https:\/\/leike.eus\/es\/wp-json\/wp\/v2\/pages"}],"about":[{"href":"https:\/\/leike.eus\/es\/wp-json\/wp\/v2\/types\/page"}],"author":[{"embeddable":true,"href":"https:\/\/leike.eus\/es\/wp-json\/wp\/v2\/users\/1"}],"replies":[{"embeddable":true,"href":"https:\/\/leike.eus\/es\/wp-json\/wp\/v2\/comments?post=1088"}],"version-history":[{"count":1,"href":"https:\/\/leike.eus\/es\/wp-json\/wp\/v2\/pages\/1088\/revisions"}],"predecessor-version":[{"id":1171,"href":"https:\/\/leike.eus\/es\/wp-json\/wp\/v2\/pages\/1088\/revisions\/1171"}],"wp:attachment":[{"href":"https:\/\/leike.eus\/es\/wp-json\/wp\/v2\/media?parent=1088"}],"curies":[{"name":"wp","href":"https:\/\/api.w.org\/{rel}","templated":true}]}}