{"id":1097,"date":"2022-06-12T11:22:45","date_gmt":"2022-06-12T11:22:45","guid":{"rendered":"https:\/\/leike.eus\/politica-de-privacidad\/"},"modified":"2022-10-10T10:14:43","modified_gmt":"2022-10-10T10:14:43","slug":"politica-de-privacidad","status":"publish","type":"page","link":"https:\/\/leike.eus\/es\/politica-de-privacidad\/","title":{"rendered":"Pol\u00edtica de privacidad"},"content":{"rendered":"<p>[et_pb_section fb_built=\u00bb1&#8243; _builder_version=\u00bb4.17.4&#8243; _module_preset=\u00bbdefault\u00bb global_colors_info=\u00bb{}\u00bb][et_pb_row column_structure=\u00bb1_3,2_3&#8243; _builder_version=\u00bb4.17.4&#8243; _module_preset=\u00bbdefault\u00bb custom_padding=\u00bb|20px||20px|false|false\u00bb border_width_all=\u00bb1px\u00bb global_colors_info=\u00bb{}\u00bb][et_pb_column type=\u00bb1_3&#8243; _builder_version=\u00bb4.17.4&#8243; _module_preset=\u00bbdefault\u00bb custom_padding=\u00bb|20px|||false|false\u00bb global_colors_info=\u00bb{}\u00bb][et_pb_text _builder_version=\u00bb4.17.4&#8243; _module_preset=\u00bbdefault\u00bb text_font=\u00bb|800||on|||||\u00bb text_text_color=\u00bb#3C3C3B\u00bb text_font_size=\u00bb21px\u00bb custom_padding=\u00bb15px||||false|false\u00bb global_colors_info=\u00bb{}\u00bb]<\/p>\n<p>Pol\u00edtica de privacidad y protecci\u00f3n de datos personales<\/p>\n<p>[\/et_pb_text][et_pb_divider _builder_version=\u00bb4.17.4&#8243; _module_preset=\u00bbdefault\u00bb custom_margin=\u00bb||9px|||\u00bb custom_padding=\u00bb||0px|||\u00bb global_colors_info=\u00bb{}\u00bb][\/et_pb_divider][et_pb_text _builder_version=\u00bb4.17.4&#8243; _module_preset=\u00bbdefault\u00bb text_font=\u00bb|300|||||||\u00bb custom_padding=\u00bb||4px|||\u00bb global_colors_info=\u00bb{}\u00bb]<\/p>\n<p>2022.10.11<\/p>\n<p>[\/et_pb_text][et_pb_divider _builder_version=\u00bb4.17.4&#8243; _module_preset=\u00bbdefault\u00bb custom_margin=\u00bb||9px|||\u00bb custom_padding=\u00bb||0px|||\u00bb global_colors_info=\u00bb{}\u00bb][\/et_pb_divider][et_pb_text _builder_version=\u00bb4.17.4&#8243; _module_preset=\u00bbdefault\u00bb text_font=\u00bb|300|||||||\u00bb global_colors_info=\u00bb{}\u00bb]<\/p>\n<p><strong><em>LEIKE<\/em><\/strong><br \/>Antso Estegiz, 3, bajo.<br \/>48200 Durango (Bizkaia).<\/p>\n<p>[\/et_pb_text][et_pb_divider _builder_version=\u00bb4.17.4&#8243; _module_preset=\u00bbdefault\u00bb custom_margin=\u00bb||9px|||\u00bb custom_padding=\u00bb||0px|||\u00bb global_colors_info=\u00bb{}\u00bb][\/et_pb_divider][et_pb_text _builder_version=\u00bb4.18.0&#8243; _module_preset=\u00bbdefault\u00bb text_font=\u00bb|300|||||||\u00bb link_text_color=\u00bb#3C3C3B\u00bb global_colors_info=\u00bb{}\u00bb]<\/p>\n<p><strong><a href=\"mailto:&#105;&#110;fo&#064;l&#101;ike.eu&#115;\">&#105;n&#102;&#111;&#064;&#108;&#101;&#105;k&#101;&#046;&#101;&#117;s<\/a><\/strong><\/p>\n<p>[\/et_pb_text][\/et_pb_column][et_pb_column type=\u00bb2_3&#8243; _builder_version=\u00bb4.17.4&#8243; _module_preset=\u00bbdefault\u00bb global_colors_info=\u00bb{}\u00bb][et_pb_text _builder_version=\u00bb4.18.0&#8243; _module_preset=\u00bbdefault\u00bb text_font=\u00bb|300|||||||\u00bb link_text_color=\u00bb#3C3C3B\u00bb hover_enabled=\u00bb0&#8243; global_colors_info=\u00bb{}\u00bb sticky_enabled=\u00bb0&#8243; inline_fonts=\u00bbUbuntu Mono\u00bb]<\/p>\n<p><strong><span style=\"font-size: large; font-family: 'Ubuntu Mono';\"><span style=\"color: #3c3c3b;\">1. Introducci\u00f3n<\/span><\/span><\/strong><\/p>\n<p>En cumplimiento de la normativa sobre Protecci\u00f3n de Datos Personales, se informa a los usuarios que los datos personales que faciliten mediante correo electr\u00f3nico, enviados a trav\u00e9s de formularios ubicados en este sitio web o por cualquier otro medio ubicado en este sitio web ser\u00e1n incorporados a tratamiento de datos titularidad de HODEI GARMENDIA IZAEZELAIA Y OTROS C.B., de ahora en adelante LEIKE, con la finalidad de atender a las consultas y solicitudes recibidas, contactar con usted, gestionar los servicios solicitados, las relaciones comerciales y las funciones e intereses leg\u00edtimos propios de su actividad, as\u00ed como para el env\u00edo de futuras comunicaciones comerciales que pudieran ser de su inter\u00e9s.<\/p>\n<p>Los datos podr\u00e1n ser conservados sin limitaci\u00f3n en el tiempo para las finalidades descritas en esta Pol\u00edtica de Privacidad, a no ser que usted indique lo contrario. Las bases jur\u00eddicas del tratamiento son, en los t\u00e9rminos establecidos por la normativa sobre protecci\u00f3n de datos, la necesidad del tratamiento de sus datos para la ejecuci\u00f3n de los servicios solicitados por usted, el cumplimiento de obligaciones legales por parte del Responsable del Tratamiento, su consentimiento expreso y el inter\u00e9s leg\u00edtimo del Responsable del Tratamiento (por ejemplo, a efectos de enviarle comunicaciones comerciales o informativas).<\/p>\n<p>El tratamiento de sus datos personales se realizar\u00e1 de manera confidencial. Leike est\u00e1 comprometida con la privacidad y la protecci\u00f3n de los datos personales de los usuarios y utiliza sus recursos para garantizar la seguridad y privacidad de los interesados.<\/p>\n<p><span style=\"color: #3c3c3b; font-family: 'Ubuntu Mono'; font-weight: normal; font-size: large;\"><strong>2. Recogida de datos personales<\/strong><\/span><\/p>\n<p>El Responsable del Tratamiento no requiere que proporcione datos personales para acceder al sitio web, no obstante, en el sitio web hay formularios cuya cumplimentaci\u00f3n requiere que el usurio facilite datos personales identificativos y\/o de contacto.<\/p>\n<p>El usuario aporta sus datos personales de forma libre y voluntaria. El Responsable del Tratamiento no solicita m\u00e1s informaci\u00f3n personal que la que es necesaria para recibir los servicios e informaciones solicitadas. El env\u00edo de informaci\u00f3n a trav\u00e9s de este sitio web conlleva necesariamente la aceptaci\u00f3n de esta pol\u00edtica de privacidad y de las condiciones generales del sitio web.<\/p>\n<p>El usuario es el \u00fanico responsable de la veracidad y correcci\u00f3n de los datos incluidos, exonerando a Leike de cualquier responsabilidad al respecto.<\/p>\n<p>El Responsable del Tratamiento recoger\u00e1 los datos personales de manera adecuada y pertinente, de forma determinada, expl\u00edcita, exacta y leg\u00edtima.<\/p>\n<p>El usuario que incluya datos personales de terceros declara que cuenta con el consentimiento y permiso de estos para la publicaci\u00f3n de los mismos.<\/p>\n<p>En el supuesto que algunos de nuestros servicios vayan dirigidos espec\u00edficamente a menores de edad, Leike solicitar\u00e1 la conformidad de los padres o tutores para la recogida de los datos personales o, en su caso, para el tratamiento de los datos.<\/p>\n<p>Los usuarios garantizan y responden, en cualquier caso, de la exactitud, vigencia y autenticidad de los datos personales facilitados, y se comprometen a mantenerlos debidamente actualizados. La responsabilidad de esto no ser\u00e1 de Leike. El usuario ser\u00e1 el \u00fanico responsable de los perjuicios que cause mediante la comunicaci\u00f3n de dichos datos.<\/p>\n<p><span style=\"color: #3c3c3b; font-family: 'Ubuntu Mono'; font-weight: normal; font-size: large;\"><strong>3. Derechos de los interesados<\/strong><\/span><\/p>\n<p>Puede ejercer los derechos de acceso, rectificaci\u00f3n, supresi\u00f3n, limitaci\u00f3n al tratamiento, portabilidad y oposici\u00f3n, as\u00ed como retirar su consentimiento o cualquier otra solicitud sobre esta materia dirigi\u00e9ndose por escrito al Responsable del Tratamiento, Leike, Antso Estegiz 3, behea, 48200 Durango (Bizkaia) o bien a trav\u00e9s de la direcci\u00f3n de correo electr\u00f3nico: <span style=\"color: #3c3c3b;\"><a href=\"mailto:info@leike.eus\">info@leike.eus<\/a><\/span>.<\/p>\n<p>La solicitud deber\u00e1 llevar adjunta copia de documento de acreditativo de la identidad del solicitante. En caso de realizar la solicitud en su condici\u00f3n de representante legal, deber\u00e1 adjuntar, adem\u00e1s de la copia de documento de acreditativo de la identidad del solicitante, un documento acreditativo de tal representaci\u00f3n.<\/p>\n<p>La autoridad de control a la que usted puede dirigirse en caso de no estar de acuerdo con la resoluci\u00f3n de las solicitudes o para presentar una reclamaci\u00f3n es la Agencia de Protecci\u00f3n de Datos.<\/p>\n<p><span style=\"color: #3c3c3b; font-family: 'Ubuntu Mono'; font-weight: normal; font-size: large;\"><strong>4. Medidas de seguridad<\/strong><\/span><\/p>\n<p>Leike tratar\u00e1 los datos personales contenidos en sus tratamientos de datos adoptando las medidas de \u00edndole t\u00e9cnica y organizativa que sean necesarias para garantizar su seguridad y evitar su alteraci\u00f3n, p\u00e9rdida, tratamiento o acceso no autorizado, habida cuenta del estado de la tecnolog\u00eda, la naturaleza de los datos almacenados y los riesgos a que est\u00e1n expuestos, ya provengan de la acci\u00f3n humana o del medio f\u00edsico o natural, de acuerdo con la legislaci\u00f3n vigente que resulte de aplicaci\u00f3n en materia de medidas de seguridad de los tratamientos de datos personales. Sin embargo, los usuarios son informados de que las medidas de seguridad inform\u00e1tica no son inexpugnables y no se est\u00e1 a salvo de posibles intromisiones ilegales e indebidas, que no ser\u00edan responsabilidad de Leike.<\/p>\n<p><span style=\"color: #3c3c3b; font-family: 'Ubuntu Mono'; font-weight: normal; font-size: large;\"><strong>5. Datos de Tr\u00e1fico<\/strong><\/span><\/p>\n<p>Con la finalidad de ofrecer un mejor servicio a trav\u00e9s de este sitio web, se puede registrar la direcci\u00f3n IP del dispositivo del usuario, permiti\u00e9ndose as\u00ed el posterior procesamiento de los datos con el fin de analizar entre otros el n\u00famero de p\u00e1ginas visitadas, el n\u00famero de visitas, as\u00ed como la actividad de los visitantes\/usuarios del sitio web, y su frecuencia de utilizaci\u00f3n.<\/p>\n<p>El Usuario da su consentimiento previo e informado al registro de la IP de su dispositivo durante la conexi\u00f3n y navegaci\u00f3n en el sitio web, sin que sea necesario solicitarlo cada vez que acceda a este sitio web.<\/p>\n<p>Con la finalidad ya mencionada, este sitio puede ser medido y analizado con Google Analytics y\/o herramientas similares, que pueden utilizar marcas en las p\u00e1ginas y cookies para analizar lo que sucede en las diferentes p\u00e1ginas del sitio web de Leike.<\/p>\n<p><span style=\"color: #3c3c3b; font-family: 'Ubuntu Mono'; font-weight: normal; font-size: large;\"><strong>6. Vigencia<\/strong><\/span><\/p>\n<p>Leike se reserva el derecho de modificar su pol\u00edtica de privacidad de acuerdo a su criterio, a cambios legislativos o jurisprudenciales. Si el Responsable del Tratamiento introdujera alguna modificaci\u00f3n, el nuevo texto ser\u00e1 publicado en este mismo sitio web, donde el usuario podr\u00e1 tener conocimiento de la misma. En cualquier caso, la relaci\u00f3n con los usuarios se regir\u00e1 por las normas previstas en el momento preciso en que se accede al sitio web. Es por ello que el Responsable del Tratamiento le recomienda visitar esta pol\u00edtica de privacidad cada vez que se conecte al sitio web.<\/p>\n<p>Leike perseguir\u00e1 el incumplimiento de las anteriores condiciones, as\u00ed como cualquier utilizaci\u00f3n indebida de los contenidos presentados en su sitio web ejerciendo todas las acciones civiles y penales que le puedan corresponder en Derecho.<\/p>\n<p><span style=\"color: #3c3c3b; font-family: 'Ubuntu Mono'; font-weight: normal; font-size: large;\"><strong>7. Jurisdicci\u00f3n<\/strong><\/span><\/p>\n<p>Las relaciones establecidas entre Leike y el usuario se regir\u00e1n por lo dispuesto en la normativa vigente acerca de la legislaci\u00f3n aplicable y la jurisdicci\u00f3n competente. No obstante, para los casos en los que la normativa prevea la posibilidad a las partes de someterse a un fuero, Leike y el usuario, con renuncia expresa a cualquier otro fuero que pudiera corresponderles, se someten a los Juzgados y Tribunales de Bilbo (Bizkaia).<\/p>\n<p>Leike perseguir\u00e1 el incumplimiento de las anteriores condiciones, as\u00ed como cualquier utilizaci\u00f3n indebida de los contenidos presentados en su sitio web ejerciendo todas las acciones civiles y penales que le puedan corresponder en Derecho.<\/p>\n<p>&nbsp;<\/p>\n<p>[\/et_pb_text][\/et_pb_column][\/et_pb_row][\/et_pb_section]<\/p>\n","protected":false},"excerpt":{"rendered":"<p>Pol\u00edtica de privacidad y protecci\u00f3n de datos personales2022.10.11LEIKEAntso Estegiz, 3, bajo.48200 Durango (Bizkaia).<a href=\"mailto:&#105;&#110;&#102;o&#064;l&#101;ik&#101;&#046;&#101;us\">&#105;n&#102;&#111;&#064;&#108;ei&#107;&#101;&#046;eu&#115;<\/a>1. Introducci\u00f3n En cumplimiento de la normativa sobre Protecci\u00f3n de Datos Personales, se informa a los usuarios que los datos personales que faciliten mediante correo electr\u00f3nico, enviados a trav\u00e9s de formularios ubicados en este sitio web o por cualquier otro medio ubicado en [&hellip;]<\/p>\n","protected":false},"author":1,"featured_media":0,"parent":0,"menu_order":0,"comment_status":"closed","ping_status":"closed","template":"","meta":{"_et_pb_use_builder":"on","_et_pb_old_content":"","_et_gb_content_width":"","footnotes":""},"class_list":["post-1097","page","type-page","status-publish","hentry"],"yoast_head":"<!-- This site is optimized with the Yoast SEO plugin v19.14 - https:\/\/yoast.com\/wordpress\/plugins\/seo\/ -->\n<title>Pol\u00edtica de privacidad - Leike<\/title>\n<meta name=\"robots\" content=\"noindex, nofollow\" \/>\n<meta property=\"og:locale\" content=\"es_ES\" \/>\n<meta property=\"og:type\" content=\"article\" \/>\n<meta property=\"og:title\" content=\"Pol\u00edtica de privacidad - Leike\" \/>\n<meta property=\"og:description\" content=\"Pol\u00edtica de privacidad y protecci\u00f3n de datos personales2022.10.11LEIKEAntso Estegiz, 3, bajo.48200 Durango (Bizkaia).1. Introducci\u00f3n En cumplimiento de la normativa sobre Protecci\u00f3n de Datos Personales, se informa a los usuarios que los datos personales que faciliten mediante correo electr\u00f3nico, enviados a trav\u00e9s de formularios ubicados en este sitio web o por cualquier otro medio ubicado en [&hellip;]\" \/>\n<meta property=\"og:url\" content=\"https:\/\/leike.eus\/es\/politica-de-privacidad\/\" \/>\n<meta property=\"og:site_name\" content=\"Leike\" \/>\n<meta property=\"article:modified_time\" content=\"2022-10-10T10:14:43+00:00\" \/>\n<meta name=\"twitter:card\" content=\"summary_large_image\" \/>\n<meta name=\"twitter:label1\" content=\"Tiempo de lectura\" \/>\n\t<meta name=\"twitter:data1\" content=\"8 minutos\" \/>\n<script type=\"application\/ld+json\" class=\"yoast-schema-graph\">{\"@context\":\"https:\/\/schema.org\",\"@graph\":[{\"@type\":\"WebPage\",\"@id\":\"https:\/\/leike.eus\/es\/politica-de-privacidad\/\",\"url\":\"https:\/\/leike.eus\/es\/politica-de-privacidad\/\",\"name\":\"Pol\u00edtica de privacidad - Leike\",\"isPartOf\":{\"@id\":\"https:\/\/leike.eus\/es\/#website\"},\"datePublished\":\"2022-06-12T11:22:45+00:00\",\"dateModified\":\"2022-10-10T10:14:43+00:00\",\"breadcrumb\":{\"@id\":\"https:\/\/leike.eus\/es\/politica-de-privacidad\/#breadcrumb\"},\"inLanguage\":\"es\",\"potentialAction\":[{\"@type\":\"ReadAction\",\"target\":[\"https:\/\/leike.eus\/es\/politica-de-privacidad\/\"]}]},{\"@type\":\"BreadcrumbList\",\"@id\":\"https:\/\/leike.eus\/es\/politica-de-privacidad\/#breadcrumb\",\"itemListElement\":[{\"@type\":\"ListItem\",\"position\":1,\"name\":\"Home\",\"item\":\"https:\/\/leike.eus\/es\/\"},{\"@type\":\"ListItem\",\"position\":2,\"name\":\"Pol\u00edtica de privacidad\"}]},{\"@type\":\"WebSite\",\"@id\":\"https:\/\/leike.eus\/es\/#website\",\"url\":\"https:\/\/leike.eus\/es\/\",\"name\":\"Leike\",\"description\":\"Durango | Reformas, dise\u00f1o de interiores y carpinter\u00eda\",\"publisher\":{\"@id\":\"https:\/\/leike.eus\/es\/#organization\"},\"potentialAction\":[{\"@type\":\"SearchAction\",\"target\":{\"@type\":\"EntryPoint\",\"urlTemplate\":\"https:\/\/leike.eus\/es\/?s={search_term_string}\"},\"query-input\":\"required name=search_term_string\"}],\"inLanguage\":\"es\"},{\"@type\":\"Organization\",\"@id\":\"https:\/\/leike.eus\/es\/#organization\",\"name\":\"Leike\",\"url\":\"https:\/\/leike.eus\/es\/\",\"logo\":{\"@type\":\"ImageObject\",\"inLanguage\":\"es\",\"@id\":\"https:\/\/leike.eus\/es\/#\/schema\/logo\/image\/\",\"url\":\"https:\/\/leike.eus\/bitartekoak\/osagarriak\/mediak\/2022\/10\/Leike.png\",\"contentUrl\":\"https:\/\/leike.eus\/bitartekoak\/osagarriak\/mediak\/2022\/10\/Leike.png\",\"width\":350,\"height\":142,\"caption\":\"Leike\"},\"image\":{\"@id\":\"https:\/\/leike.eus\/es\/#\/schema\/logo\/image\/\"}}]}<\/script>\n<!-- \/ Yoast SEO plugin. -->","yoast_head_json":{"title":"Pol\u00edtica de privacidad - Leike","robots":{"index":"noindex","follow":"nofollow"},"og_locale":"es_ES","og_type":"article","og_title":"Pol\u00edtica de privacidad - Leike","og_description":"Pol\u00edtica de privacidad y protecci\u00f3n de datos personales2022.10.11LEIKEAntso Estegiz, 3, bajo.48200 Durango (Bizkaia).1. Introducci\u00f3n En cumplimiento de la normativa sobre Protecci\u00f3n de Datos Personales, se informa a los usuarios que los datos personales que faciliten mediante correo electr\u00f3nico, enviados a trav\u00e9s de formularios ubicados en este sitio web o por cualquier otro medio ubicado en [&hellip;]","og_url":"https:\/\/leike.eus\/es\/politica-de-privacidad\/","og_site_name":"Leike","article_modified_time":"2022-10-10T10:14:43+00:00","twitter_card":"summary_large_image","twitter_misc":{"Tiempo de lectura":"8 minutos"},"schema":{"@context":"https:\/\/schema.org","@graph":[{"@type":"WebPage","@id":"https:\/\/leike.eus\/es\/politica-de-privacidad\/","url":"https:\/\/leike.eus\/es\/politica-de-privacidad\/","name":"Pol\u00edtica de privacidad - Leike","isPartOf":{"@id":"https:\/\/leike.eus\/es\/#website"},"datePublished":"2022-06-12T11:22:45+00:00","dateModified":"2022-10-10T10:14:43+00:00","breadcrumb":{"@id":"https:\/\/leike.eus\/es\/politica-de-privacidad\/#breadcrumb"},"inLanguage":"es","potentialAction":[{"@type":"ReadAction","target":["https:\/\/leike.eus\/es\/politica-de-privacidad\/"]}]},{"@type":"BreadcrumbList","@id":"https:\/\/leike.eus\/es\/politica-de-privacidad\/#breadcrumb","itemListElement":[{"@type":"ListItem","position":1,"name":"Home","item":"https:\/\/leike.eus\/es\/"},{"@type":"ListItem","position":2,"name":"Pol\u00edtica de privacidad"}]},{"@type":"WebSite","@id":"https:\/\/leike.eus\/es\/#website","url":"https:\/\/leike.eus\/es\/","name":"Leike","description":"Durango | Reformas, dise\u00f1o de interiores y carpinter\u00eda","publisher":{"@id":"https:\/\/leike.eus\/es\/#organization"},"potentialAction":[{"@type":"SearchAction","target":{"@type":"EntryPoint","urlTemplate":"https:\/\/leike.eus\/es\/?s={search_term_string}"},"query-input":"required name=search_term_string"}],"inLanguage":"es"},{"@type":"Organization","@id":"https:\/\/leike.eus\/es\/#organization","name":"Leike","url":"https:\/\/leike.eus\/es\/","logo":{"@type":"ImageObject","inLanguage":"es","@id":"https:\/\/leike.eus\/es\/#\/schema\/logo\/image\/","url":"https:\/\/leike.eus\/bitartekoak\/osagarriak\/mediak\/2022\/10\/Leike.png","contentUrl":"https:\/\/leike.eus\/bitartekoak\/osagarriak\/mediak\/2022\/10\/Leike.png","width":350,"height":142,"caption":"Leike"},"image":{"@id":"https:\/\/leike.eus\/es\/#\/schema\/logo\/image\/"}}]}},"_links":{"self":[{"href":"https:\/\/leike.eus\/es\/wp-json\/wp\/v2\/pages\/1097","targetHints":{"allow":["GET"]}}],"collection":[{"href":"https:\/\/leike.eus\/es\/wp-json\/wp\/v2\/pages"}],"about":[{"href":"https:\/\/leike.eus\/es\/wp-json\/wp\/v2\/types\/page"}],"author":[{"embeddable":true,"href":"https:\/\/leike.eus\/es\/wp-json\/wp\/v2\/users\/1"}],"replies":[{"embeddable":true,"href":"https:\/\/leike.eus\/es\/wp-json\/wp\/v2\/comments?post=1097"}],"version-history":[{"count":1,"href":"https:\/\/leike.eus\/es\/wp-json\/wp\/v2\/pages\/1097\/revisions"}],"predecessor-version":[{"id":1161,"href":"https:\/\/leike.eus\/es\/wp-json\/wp\/v2\/pages\/1097\/revisions\/1161"}],"wp:attachment":[{"href":"https:\/\/leike.eus\/es\/wp-json\/wp\/v2\/media?parent=1097"}],"curies":[{"name":"wp","href":"https:\/\/api.w.org\/{rel}","templated":true}]}}